{"id":607,"date":"2023-07-05T16:46:46","date_gmt":"2023-07-05T14:46:46","guid":{"rendered":"https:\/\/www.balcaarquitectes.com\/equipo\/"},"modified":"2025-05-16T14:06:28","modified_gmt":"2025-05-16T12:06:28","slug":"nosotras","status":"publish","type":"page","link":"https:\/\/www.balcaarquitectes.com\/es\/nosotras\/","title":{"rendered":"Nosotras"},"content":{"rendered":"<p>[et_pb_section fb_built=\u00bb1&#8243; _builder_version=\u00bb4.23.4&#8243; _module_preset=\u00bbdefault\u00bb custom_margin=\u00bb120px||||false|false\u00bb custom_padding=\u00bb60px||60px||true|false\u00bb global_colors_info=\u00bb{}\u00bb][et_pb_row _builder_version=\u00bb4.21.0&#8243; _module_preset=\u00bbdefault\u00bb global_colors_info=\u00bb{}\u00bb][et_pb_column type=\u00bb4_4&#8243; _builder_version=\u00bb4.21.0&#8243; _module_preset=\u00bbdefault\u00bb global_colors_info=\u00bb{}\u00bb][et_pb_text _builder_version=\u00bb4.23.4&#8243; _module_preset=\u00bbdefault\u00bb text_font=\u00bb|300|||||||\u00bb text_text_color=\u00bb#000000&#8243; text_font_size=\u00bb19px\u00bb text_line_height=\u00bb30px\u00bb custom_padding=\u00bb||||false|false\u00bb custom_padding_tablet=\u00bb|31%||31%|false|true\u00bb custom_padding_phone=\u00bb|5%||5%|false|true\u00bb custom_padding_last_edited=\u00bbon|phone\u00bb global_colors_info=\u00bb{}\u00bb]<\/p>\n<h3 style=\"text-align: center;\">Sobre nosotras<\/h3>\n<p>&nbsp;<\/p>\n<p style=\"text-align: center;\">Entendemos la arquitectura y el espacio p\u00fablico desde un concepto amplio de sostenibilidad, combinando aspectos sociales, ambientales y program\u00e1ticos.<\/p>\n<p style=\"text-align: center;\">Apostamos cada vez m\u00e1s por la construcci\u00f3n y dise\u00f1os sostenibles, racionales y multifuncionales que se adaptan mejor a las diferentes formas de habitar y que permiten dar respuesta a las necesidades que la sociedad y el usuario requieren en cada momento.<\/p>\n<p style=\"text-align: center;\">BALCA es un estudio de arquitectura y urbanismo de Barcelona formado por un equipo multidisciplinario y din\u00e1mico que trabaja favoreciendo el intercambio de ideas y colaborando con t\u00e9cnicos externos consolidados para poder hacer frente y adaptarnos a las necesidades y complejidades de cada proyecto.<\/p>\n<p>[\/et_pb_text][\/et_pb_column][\/et_pb_row][\/et_pb_section][et_pb_section fb_built=\u00bb1&#8243; _builder_version=\u00bb4.23.4&#8243; _module_preset=\u00bbdefault\u00bb custom_margin=\u00bb120px||||false|false\u00bb custom_padding=\u00bb60px||60px||true|false\u00bb global_colors_info=\u00bb{}\u00bb][et_pb_row _builder_version=\u00bb4.21.0&#8243; _module_preset=\u00bbdefault\u00bb global_colors_info=\u00bb{}\u00bb][et_pb_column type=\u00bb4_4&#8243; _builder_version=\u00bb4.21.0&#8243; _module_preset=\u00bbdefault\u00bb global_colors_info=\u00bb{}\u00bb][et_pb_text _builder_version=\u00bb4.23.4&#8243; _module_preset=\u00bbdefault\u00bb text_font=\u00bb|300|||||||\u00bb text_text_color=\u00bb#000000&#8243; text_font_size=\u00bb19px\u00bb text_line_height=\u00bb30px\u00bb custom_padding=\u00bb||||false|false\u00bb custom_padding_tablet=\u00bb|31%||31%|false|true\u00bb custom_padding_phone=\u00bb|5%||5%|false|true\u00bb custom_padding_last_edited=\u00bbon|phone\u00bb global_colors_info=\u00bb{}\u00bb]<\/p>\n<h3 style=\"text-align: center;\">Cont\u00e1ctanos<\/h3>\n<p style=\"text-align: center;\"><a href=\"mailto:info@balcaarquitectes.com\">info@balcaarquitectes.com<\/a><br \/>C. Guillem Tell 15-17, Entl. 3a 08006 Barcelona<br \/>T. 932372926 <\/p>\n<p>[\/et_pb_text][\/et_pb_column][\/et_pb_row][\/et_pb_section][et_pb_section fb_built=\u00bb1&#8243; _builder_version=\u00bb4.23.4&#8243; _module_preset=\u00bbdefault\u00bb custom_margin=\u00bb1px||||false|false\u00bb custom_padding=\u00bb60px||60px||true|false\u00bb global_colors_info=\u00bb{}\u00bb][et_pb_row _builder_version=\u00bb4.21.0&#8243; _module_preset=\u00bbdefault\u00bb global_colors_info=\u00bb{}\u00bb][et_pb_column type=\u00bb4_4&#8243; _builder_version=\u00bb4.21.0&#8243; _module_preset=\u00bbdefault\u00bb global_colors_info=\u00bb{}\u00bb][et_pb_text _builder_version=\u00bb4.23.4&#8243; _module_preset=\u00bbdefault\u00bb text_font=\u00bb|300|||||||\u00bb text_text_color=\u00bb#000000&#8243; text_font_size=\u00bb19px\u00bb text_line_height=\u00bb30px\u00bb custom_padding=\u00bb||||false|false\u00bb custom_padding_tablet=\u00bb|31%||31%|false|true\u00bb custom_padding_phone=\u00bb|5%||5%|false|true\u00bb custom_padding_last_edited=\u00bbon|phone\u00bb global_colors_info=\u00bb{}\u00bb]<\/p>\n<h3 style=\"text-align: center;\">S\u00edguenos<\/h3>\n<p>[\/et_pb_text][et_pb_social_media_follow module_class=\u00bblinkedin\u00bb _builder_version=\u00bb4.21.0&#8243; _module_preset=\u00bbdefault\u00bb text_orientation=\u00bbcenter\u00bb locked=\u00bboff\u00bb global_colors_info=\u00bb{}\u00bb][et_pb_social_media_follow_network social_network=\u00bbinstagram\u00bb url=\u00bbhttps:\/\/www.instagram.com\/balcaarquitectes\/\u00bb icon_color=\u00bb#000000&#8243; _builder_version=\u00bb4.21.0&#8243; _module_preset=\u00bbdefault\u00bb background_color=\u00bb#ea2c59&#8243; background_enable_color=\u00bboff\u00bb custom_button=\u00bbon\u00bb button_bg_color=\u00bb#FFFFFF\u00bb button_border_width=\u00bb1px\u00bb button_border_radius=\u00bb16px\u00bb border_radii=\u00bbon|17px|17px|17px|17px\u00bb border_width_all=\u00bb1px\u00bb global_colors_info=\u00bb{}\u00bb follow_button=\u00bboff\u00bb url_new_window=\u00bbon\u00bb]instagram[\/et_pb_social_media_follow_network][et_pb_social_media_follow_network social_network=\u00bblinkedin\u00bb icon_color=\u00bb#000000&#8243; _builder_version=\u00bb4.21.0&#8243; _module_preset=\u00bbdefault\u00bb background_enable_color=\u00bboff\u00bb custom_button=\u00bbon\u00bb button_bg_color=\u00bb#FFFFFF\u00bb button_border_width=\u00bb1px\u00bb button_border_radius=\u00bb16px\u00bb border_radii=\u00bbon|17px|17px|17px|17px\u00bb border_width_all=\u00bb1px\u00bb global_colors_info=\u00bb{}\u00bb follow_button=\u00bboff\u00bb url_new_window=\u00bbon\u00bb]linkedin[\/et_pb_social_media_follow_network][\/et_pb_social_media_follow][\/et_pb_column][\/et_pb_row][\/et_pb_section][et_pb_section fb_built=\u00bb1&#8243; _builder_version=\u00bb4.23.4&#8243; _module_preset=\u00bbdefault\u00bb custom_margin=\u00bb0px|0px|120px||false|false\u00bb custom_padding=\u00bb60px||60px||true|false\u00bb global_colors_info=\u00bb{}\u00bb][et_pb_row _builder_version=\u00bb4.21.0&#8243; _module_preset=\u00bbdefault\u00bb global_colors_info=\u00bb{}\u00bb][et_pb_column type=\u00bb4_4&#8243; _builder_version=\u00bb4.21.0&#8243; _module_preset=\u00bbdefault\u00bb global_colors_info=\u00bb{}\u00bb][et_pb_text _builder_version=\u00bb4.23.4&#8243; _module_preset=\u00bbdefault\u00bb text_font=\u00bb|300|||||||\u00bb text_text_color=\u00bb#000000&#8243; text_font_size=\u00bb19px\u00bb text_line_height=\u00bb30px\u00bb custom_padding=\u00bb||||false|false\u00bb custom_padding_tablet=\u00bb|31%||31%|false|true\u00bb custom_padding_phone=\u00bb|5%||5%|false|true\u00bb custom_padding_last_edited=\u00bbon|phone\u00bb global_colors_info=\u00bb{}\u00bb]<\/p>\n<p style=\"text-align: center;\">PREMIOS Y RECONOCIMIENTOS<br \/>2022 \u2022 Primer Premio. 80 viviendas dotacionales de alquiler, aparcamiento y urbanizaci\u00f3n de los sistemas de espacios libres asociados, en la calle Torreblanca 7, Sant Joan Desp\u00ed.<br \/>2022 \u2022 Segundo Premio. Proyecto de 110 viviendas de protecci\u00f3n oficial de alquiler y aparcamiento en Calafell.<br \/>2021 \u2022 Segundo Premio. Proyecto de 37 viviendas de alquiler en la calle Pi i Maragall en Terrassa para INCAS\u00d2L.<br \/>2022 \u2022 Tercer Premio.    Edificio Joven Forum de Sant Esteve Sesrovires. Diputaci\u00f3 de Barcelona.<br \/>2017 \u2022 Primer Premio. Plan estrat\u00e9gico en materia de espacio p\u00fablico i paisaje urbano para el barrio del Rec de Igualada.<br \/>2014 \u2022 Primer Premio.  Europan 12-Barcelona-Ramblas Verdes. Manzanas autosuficientes en el parque de la Sagrera.<\/p>\n<p style=\"text-align: center;\">\n<p style=\"text-align: center;\">CONFERENCIAS<br \/>2018 \u2022 Participaci\u00f3n y ponencia por la UIC Barcelona School of Architecture \u201cTheRecComtal in Vallbona\u201d.<br \/>2018 \u2022 Ponencia en el 2\u00ba Simposio Internacional de arqueolog\u00eda del Born Centro de Cultura y Memoria. \u00abEl Rec Comtal: l\u2019aigua dibuixa la ciutat. Barcelona, segles I-XI\u00bb.<br \/>2018 \u2022 Participaci\u00f3n en la 1a. edici\u00f3n del Workshop Internacional \u00abREC. Urban Renovation\u00bb, organitzado por la ETSAB y la Korea University.   <\/p>\n<p style=\"text-align: center;\">\n<p style=\"text-align: center;\">EXPOSICIONES<br \/>2018 \u2022 Repensando el Barri del Rec. Colegio de arquitectos de Catalu\u00f1a, delegaci\u00f3n del Bages-Bergued\u00e0.<br \/>2017 \u2022 Repensando el Barri del Rec.  Museu de la Pell. Ayuntamiento de Igualada<br \/>2014 \u2022 Europan 12 . The adaptable city. Colegio de arquitectos de Catalu\u00f1a, sede de Barcelona.<\/p>\n<p style=\"text-align: center;\">\n<p style=\"text-align: center;\">PUBLICACIONES<br \/>2018 \u2022 Planur-e vol. 11\/2018 \u201cPlan Estrat\u00e9gico para el barrio del Rec de Igualada en materia de Espacio P\u00fablico y Paisaje<br \/>Urbano\u201d. ISBN: 2340-8235<br \/>2017 \u2022 Planur-e vol.   09\/2017 \u201c Recuperaci\u00f3n del Rec Comtal (Barcelona)\u201d. ISBN: 2340-8235<br \/>2014 \u2022 Europan 12 Results Catalogue: The Adaptable City. Europan Editions-August 2014. ISBN: 978-2-914296-27-4<br \/>2014 \u2022 Europan 12 \u2013 Espa\u00f1a ISBN \u2013 10: 84-616-9828-2, ISBN \u2013 13: 978-84-616-9828-8.<br \/>2014 \u2022 AV proyectos N\u00fam. 62: Europan 12, Spanish Winners. Arquitectura Viva SL. p\u00e1g. 6-7, 2014. ISSN: 1697-493X<\/p>\n<p>[\/et_pb_text][\/et_pb_column][\/et_pb_row][\/et_pb_section][et_pb_section fb_built=\u00bb1&#8243; _builder_version=\u00bb4.23.4&#8243; _module_preset=\u00bbdefault\u00bb global_colors_info=\u00bb{}\u00bb][et_pb_row _builder_version=\u00bb4.23.4&#8243; _module_preset=\u00bbdefault\u00bb width=\u00bb45%\u00bb global_colors_info=\u00bb{}\u00bb][et_pb_column type=\u00bb4_4&#8243; _builder_version=\u00bb4.23.4&#8243; _module_preset=\u00bbdefault\u00bb global_colors_info=\u00bb{}\u00bb][et_pb_image src=\u00bbhttps:\/\/www.balcaarquitectes.com\/wp-content\/uploads\/2023\/06\/kitdigital.png\u00bb title_text=\u00bbkitdigital\u00bb _builder_version=\u00bb4.25.0&#8243; _module_preset=\u00bbdefault\u00bb global_colors_info=\u00bb{}\u00bb][\/et_pb_image][\/et_pb_column][\/et_pb_row][\/et_pb_section]<\/p>\n","protected":false},"excerpt":{"rendered":"<p>Sobre nosotras &nbsp; Entendemos la arquitectura y el espacio p\u00fablico desde un concepto amplio de sostenibilidad, combinando aspectos sociales, ambientales y program\u00e1ticos. Apostamos cada vez m\u00e1s por la construcci\u00f3n y dise\u00f1os sostenibles, racionales y multifuncionales que se adaptan mejor a las diferentes formas de habitar y que permiten dar respuesta a las necesidades que la [&hellip;]<\/p>\n","protected":false},"author":1,"featured_media":0,"parent":0,"menu_order":0,"comment_status":"closed","ping_status":"closed","template":"","meta":{"_acf_changed":false,"_et_pb_use_builder":"on","_et_pb_old_content":"","_et_gb_content_width":"","inline_featured_image":false,"footnotes":""},"class_list":["post-607","page","type-page","status-publish","hentry"],"acf":[],"yoast_head":"<!-- This site is optimized with the Yoast SEO plugin v27.5 - https:\/\/yoast.com\/product\/yoast-seo-wordpress\/ -->\n<title>BALCA Arquitectes - Arquitectura Sostenible: Visi\u00f3n Ampl\u00eda y Compromiso Social<\/title>\n<meta name=\"description\" content=\"Descubre BALCA, un estudio de arquitectura y urbanismo de Barcelona comprometido con la sostenibilidad y la multifuncionalidad en el dise\u00f1o, trabajando en colaboraci\u00f3n con expertos para adaptarse a las necesidades y complejidades de cada proyecto.\" \/>\n<meta name=\"robots\" content=\"index, follow, max-snippet:-1, max-image-preview:large, max-video-preview:-1\" \/>\n<link rel=\"canonical\" href=\"https:\/\/www.balcaarquitectes.com\/es\/nosotras\/\" \/>\n<meta property=\"og:locale\" content=\"es_ES\" \/>\n<meta property=\"og:type\" content=\"article\" \/>\n<meta property=\"og:title\" content=\"BALCA Arquitectes - Arquitectura Sostenible: Visi\u00f3n Ampl\u00eda y Compromiso Social\" \/>\n<meta property=\"og:description\" content=\"Descubre BALCA, un estudio de arquitectura y urbanismo de Barcelona comprometido con la sostenibilidad y la multifuncionalidad en el dise\u00f1o, trabajando en colaboraci\u00f3n con expertos para adaptarse a las necesidades y complejidades de cada proyecto.\" \/>\n<meta property=\"og:url\" content=\"https:\/\/www.balcaarquitectes.com\/es\/nosotras\/\" \/>\n<meta property=\"og:site_name\" content=\"BALCA Arquitectes\" \/>\n<meta property=\"article:modified_time\" content=\"2025-05-16T12:06:28+00:00\" \/>\n<meta name=\"twitter:card\" content=\"summary_large_image\" \/>\n<meta name=\"twitter:label1\" content=\"Tiempo de lectura\" \/>\n\t<meta name=\"twitter:data1\" content=\"3 minutos\" \/>\n<script type=\"application\/ld+json\" class=\"yoast-schema-graph\">{\"@context\":\"https:\\\/\\\/schema.org\",\"@graph\":[{\"@type\":\"WebPage\",\"@id\":\"https:\\\/\\\/www.balcaarquitectes.com\\\/es\\\/nosotras\\\/\",\"url\":\"https:\\\/\\\/www.balcaarquitectes.com\\\/es\\\/nosotras\\\/\",\"name\":\"BALCA Arquitectes - Arquitectura Sostenible: Visi\u00f3n Ampl\u00eda y Compromiso Social\",\"isPartOf\":{\"@id\":\"https:\\\/\\\/www.balcaarquitectes.com\\\/#website\"},\"datePublished\":\"2023-07-05T14:46:46+00:00\",\"dateModified\":\"2025-05-16T12:06:28+00:00\",\"description\":\"Descubre BALCA, un estudio de arquitectura y urbanismo de Barcelona comprometido con la sostenibilidad y la multifuncionalidad en el dise\u00f1o, trabajando en colaboraci\u00f3n con expertos para adaptarse a las necesidades y complejidades de cada proyecto.\",\"breadcrumb\":{\"@id\":\"https:\\\/\\\/www.balcaarquitectes.com\\\/es\\\/nosotras\\\/#breadcrumb\"},\"inLanguage\":\"es\",\"potentialAction\":[{\"@type\":\"ReadAction\",\"target\":[\"https:\\\/\\\/www.balcaarquitectes.com\\\/es\\\/nosotras\\\/\"]}]},{\"@type\":\"BreadcrumbList\",\"@id\":\"https:\\\/\\\/www.balcaarquitectes.com\\\/es\\\/nosotras\\\/#breadcrumb\",\"itemListElement\":[{\"@type\":\"ListItem\",\"position\":1,\"name\":\"Home\",\"item\":\"https:\\\/\\\/www.balcaarquitectes.com\\\/es\\\/proyectos\\\/\"},{\"@type\":\"ListItem\",\"position\":2,\"name\":\"Nosotras\"}]},{\"@type\":\"WebSite\",\"@id\":\"https:\\\/\\\/www.balcaarquitectes.com\\\/#website\",\"url\":\"https:\\\/\\\/www.balcaarquitectes.com\\\/\",\"name\":\"BALCA Arqutectes\",\"description\":\"BALCA Arqutectes\",\"publisher\":{\"@id\":\"https:\\\/\\\/www.balcaarquitectes.com\\\/#organization\"},\"potentialAction\":[{\"@type\":\"SearchAction\",\"target\":{\"@type\":\"EntryPoint\",\"urlTemplate\":\"https:\\\/\\\/www.balcaarquitectes.com\\\/?s={search_term_string}\"},\"query-input\":{\"@type\":\"PropertyValueSpecification\",\"valueRequired\":true,\"valueName\":\"search_term_string\"}}],\"inLanguage\":\"es\"},{\"@type\":\"Organization\",\"@id\":\"https:\\\/\\\/www.balcaarquitectes.com\\\/#organization\",\"name\":\"BALCA Arqutectes\",\"url\":\"https:\\\/\\\/www.balcaarquitectes.com\\\/\",\"logo\":{\"@type\":\"ImageObject\",\"inLanguage\":\"es\",\"@id\":\"https:\\\/\\\/www.balcaarquitectes.com\\\/#\\\/schema\\\/logo\\\/image\\\/\",\"url\":\"https:\\\/\\\/www.balcaarquitectes.com\\\/wp-content\\\/uploads\\\/2023\\\/06\\\/logo-balca.svg\",\"contentUrl\":\"https:\\\/\\\/www.balcaarquitectes.com\\\/wp-content\\\/uploads\\\/2023\\\/06\\\/logo-balca.svg\",\"width\":184,\"height\":45,\"caption\":\"BALCA Arqutectes\"},\"image\":{\"@id\":\"https:\\\/\\\/www.balcaarquitectes.com\\\/#\\\/schema\\\/logo\\\/image\\\/\"},\"sameAs\":[\"https:\\\/\\\/www.instagram.com\\\/balcaarquitectes\\\/\"]}]}<\/script>\n<!-- \/ Yoast SEO plugin. -->","yoast_head_json":{"title":"BALCA Arquitectes - Arquitectura Sostenible: Visi\u00f3n Ampl\u00eda y Compromiso Social","description":"Descubre BALCA, un estudio de arquitectura y urbanismo de Barcelona comprometido con la sostenibilidad y la multifuncionalidad en el dise\u00f1o, trabajando en colaboraci\u00f3n con expertos para adaptarse a las necesidades y complejidades de cada proyecto.","robots":{"index":"index","follow":"follow","max-snippet":"max-snippet:-1","max-image-preview":"max-image-preview:large","max-video-preview":"max-video-preview:-1"},"canonical":"https:\/\/www.balcaarquitectes.com\/es\/nosotras\/","og_locale":"es_ES","og_type":"article","og_title":"BALCA Arquitectes - Arquitectura Sostenible: Visi\u00f3n Ampl\u00eda y Compromiso Social","og_description":"Descubre BALCA, un estudio de arquitectura y urbanismo de Barcelona comprometido con la sostenibilidad y la multifuncionalidad en el dise\u00f1o, trabajando en colaboraci\u00f3n con expertos para adaptarse a las necesidades y complejidades de cada proyecto.","og_url":"https:\/\/www.balcaarquitectes.com\/es\/nosotras\/","og_site_name":"BALCA Arquitectes","article_modified_time":"2025-05-16T12:06:28+00:00","twitter_card":"summary_large_image","twitter_misc":{"Tiempo de lectura":"3 minutos"},"schema":{"@context":"https:\/\/schema.org","@graph":[{"@type":"WebPage","@id":"https:\/\/www.balcaarquitectes.com\/es\/nosotras\/","url":"https:\/\/www.balcaarquitectes.com\/es\/nosotras\/","name":"BALCA Arquitectes - Arquitectura Sostenible: Visi\u00f3n Ampl\u00eda y Compromiso Social","isPartOf":{"@id":"https:\/\/www.balcaarquitectes.com\/#website"},"datePublished":"2023-07-05T14:46:46+00:00","dateModified":"2025-05-16T12:06:28+00:00","description":"Descubre BALCA, un estudio de arquitectura y urbanismo de Barcelona comprometido con la sostenibilidad y la multifuncionalidad en el dise\u00f1o, trabajando en colaboraci\u00f3n con expertos para adaptarse a las necesidades y complejidades de cada proyecto.","breadcrumb":{"@id":"https:\/\/www.balcaarquitectes.com\/es\/nosotras\/#breadcrumb"},"inLanguage":"es","potentialAction":[{"@type":"ReadAction","target":["https:\/\/www.balcaarquitectes.com\/es\/nosotras\/"]}]},{"@type":"BreadcrumbList","@id":"https:\/\/www.balcaarquitectes.com\/es\/nosotras\/#breadcrumb","itemListElement":[{"@type":"ListItem","position":1,"name":"Home","item":"https:\/\/www.balcaarquitectes.com\/es\/proyectos\/"},{"@type":"ListItem","position":2,"name":"Nosotras"}]},{"@type":"WebSite","@id":"https:\/\/www.balcaarquitectes.com\/#website","url":"https:\/\/www.balcaarquitectes.com\/","name":"BALCA Arqutectes","description":"BALCA Arqutectes","publisher":{"@id":"https:\/\/www.balcaarquitectes.com\/#organization"},"potentialAction":[{"@type":"SearchAction","target":{"@type":"EntryPoint","urlTemplate":"https:\/\/www.balcaarquitectes.com\/?s={search_term_string}"},"query-input":{"@type":"PropertyValueSpecification","valueRequired":true,"valueName":"search_term_string"}}],"inLanguage":"es"},{"@type":"Organization","@id":"https:\/\/www.balcaarquitectes.com\/#organization","name":"BALCA Arqutectes","url":"https:\/\/www.balcaarquitectes.com\/","logo":{"@type":"ImageObject","inLanguage":"es","@id":"https:\/\/www.balcaarquitectes.com\/#\/schema\/logo\/image\/","url":"https:\/\/www.balcaarquitectes.com\/wp-content\/uploads\/2023\/06\/logo-balca.svg","contentUrl":"https:\/\/www.balcaarquitectes.com\/wp-content\/uploads\/2023\/06\/logo-balca.svg","width":184,"height":45,"caption":"BALCA Arqutectes"},"image":{"@id":"https:\/\/www.balcaarquitectes.com\/#\/schema\/logo\/image\/"},"sameAs":["https:\/\/www.instagram.com\/balcaarquitectes\/"]}]}},"_links":{"self":[{"href":"https:\/\/www.balcaarquitectes.com\/es\/wp-json\/wp\/v2\/pages\/607","targetHints":{"allow":["GET"]}}],"collection":[{"href":"https:\/\/www.balcaarquitectes.com\/es\/wp-json\/wp\/v2\/pages"}],"about":[{"href":"https:\/\/www.balcaarquitectes.com\/es\/wp-json\/wp\/v2\/types\/page"}],"author":[{"embeddable":true,"href":"https:\/\/www.balcaarquitectes.com\/es\/wp-json\/wp\/v2\/users\/1"}],"replies":[{"embeddable":true,"href":"https:\/\/www.balcaarquitectes.com\/es\/wp-json\/wp\/v2\/comments?post=607"}],"version-history":[{"count":20,"href":"https:\/\/www.balcaarquitectes.com\/es\/wp-json\/wp\/v2\/pages\/607\/revisions"}],"predecessor-version":[{"id":1541,"href":"https:\/\/www.balcaarquitectes.com\/es\/wp-json\/wp\/v2\/pages\/607\/revisions\/1541"}],"wp:attachment":[{"href":"https:\/\/www.balcaarquitectes.com\/es\/wp-json\/wp\/v2\/media?parent=607"}],"curies":[{"name":"wp","href":"https:\/\/api.w.org\/{rel}","templated":true}]}}